{"id":1405,"date":"2016-03-25T20:27:14","date_gmt":"2016-03-25T20:27:14","guid":{"rendered":"http:\/\/udesigntheme.com\/demos-for-export\/healthcoach\/?page_id=5"},"modified":"2021-09-15T09:38:25","modified_gmt":"2021-09-15T09:38:25","slug":"healthcoach-home","status":"publish","type":"page","link":"https:\/\/shareforest.pt\/en\/","title":{"rendered":"ShareFOREST"},"content":{"rendered":"<div data-vc-full-width=\"true\" data-vc-full-width-init=\"false\" data-vc-stretch-content=\"true\" class=\"vc_row wpb_row vc_row-fluid vc_row-no-padding vc_row-o-content-top vc_row-flex\"><div class=\"wpb_column vc_column_container vc_col-sm-12\"><div class=\"vc_column-inner\"><div class=\"wpb_wrapper\">\n\t<div class=\"wpb_text_column wpb_content_element\" >\n\t\t<div class=\"wpb_wrapper\">\n\t\t\t<p>\t\t\t<style type=\"text\/css\">\n\t\t\t\t#content-block-background-1497 { background-image: url(https:\/\/shareforest.pt\/wp-content\/uploads\/2021\/06\/home_30.jpg); background-position: center center; background-repeat: no-repeat; background-color: #000; background-attachment: fixed; background-size: cover; }\n\t\t\t\t#content-block-body-1497 { padding: 150px 0 10px; color: #FFFFFF; }\n\t\t\t\t.content-block-body { margin-left: auto; margin-right: auto; position: relative; }\n\t\t\t<\/style>\n\t\t\t\t\t\t\t<style type=\"text\/css\">\n\t\t\t\t\t#wrapper-1 { overflow-x: hidden; }\n\t\t\t\t\t#content-block-background-1497 { margin: 0 -10000px; padding: 0 10000px; }\n\t\t\t\t<\/style>\n\t\t\t\n\t\t\t\n\t\t\t<div class=\"clear\"><\/div>\n\t\t\t<div id=\"content-block-background-1497\" class=\"content-block-background\">\n\t\t\t\t<div id=\"content-block-body-1497\" class=\"content-block-body\">\n\t\t\t\t\t<div class=\"clear\"><\/div>\n\t\t\t\t\t<br \/>\n<div class=\"two_third\"><\/p>\n<div id=\"responsive\" style=\"text-align: center;\">\n<h1 style=\"margin: 100px 0 35px 0;\"><span style=\"font-size: 120px; color: #ffffff; line-height: 1.2; font-weight: bold;\"><span style=\"color: #ffffff;\">ShareForest<\/span><\/span><\/h1>\n<div style=\"margin-bottom: 15px;\"><span style=\"font-size: 18px; color: #ffffff;\"><span style=\"font-size: 30px; color: #ffffff;\">Sharing decisions in forests: participatory methodology<br \/>\nfor public and stakeholder engagement in the<br \/>\nprotection and valorisation of forests in Portugal (PCIF\/GRF\/0050\/2019)<\/span><\/span><\/div>\n<\/div>\n<div><\/div>\n<div><\/div>\n<p><\/div> <div class=\"one_third last_column\"> <\/div><br \/>\n<div class=\"clear\"><\/div><br \/>\n\t\t\t\t\t<div class=\"clear\"><\/div>\n\t\t\t\t<\/div>\n\t\t\t<\/div>\n\t\t\t<div class=\"clear\"><\/div>\n\t\t\t<br \/>\n\t\t\t<style type=\"text\/css\">\n\t\t\t\t#content-block-background-1989 { background-image: url(); background-position: center center; background-repeat: no-repeat; background-color: #E5E6E8; background-attachment: scroll; background-size: auto; }\n\t\t\t\t#content-block-body-1989 { padding: 0px 0 0px 0; color: #555555; }\n\t\t\t\t.content-block-body { margin-left: auto; margin-right: auto; position: relative; }\n\t\t\t<\/style>\n\t\t\t\t\t\t\t<style type=\"text\/css\">\n\t\t\t\t\t#wrapper-1 { overflow-x: hidden; }\n\t\t\t\t\t#content-block-background-1989 { margin: 0 -10000px; padding: 0 10000px; }\n\t\t\t\t<\/style>\n\t\t\t\n\t\t\t\n\t\t\t<div class=\"clear\"><\/div>\n\t\t\t<div id=\"content-block-background-1989\" class=\"content-block-background class-name\">\n\t\t\t\t<div id=\"content-block-body-1989\" class=\"content-block-body\">\n\t\t\t\t\t<div class=\"clear\"><\/div>\n\t\t\t\t\t\t\t\t\t\t<div class=\"clear\"><\/div>\n\t\t\t\t<\/div>\n\t\t\t<\/div>\n\t\t\t<div class=\"clear\"><\/div>\n\n\t\t<\/div>\n\t<\/div>\n<\/div><\/div><\/div><\/div><div class=\"vc_row-full-width vc_clearfix\"><\/div><div data-vc-full-width=\"true\" data-vc-full-width-init=\"false\" data-vc-stretch-content=\"true\" class=\"vc_row wpb_row vc_row-fluid vc_custom_1624527494799 vc_column-gap-35 vc_row-no-padding vc_row-o-equal-height vc_row-o-content-middle vc_row-flex\"><div class=\"wpb_column vc_column_container vc_col-sm-8\"><div class=\"vc_column-inner vc_custom_1624527469228\"><div class=\"wpb_wrapper\">\n\t<div class=\"wpb_text_column wpb_content_element\" >\n\t\t<div class=\"wpb_wrapper\">\n\t\t\t<h3 style=\"margin: 35px 0px 30px; text-align: center;\"><span style=\"color: #000000; font-size: 32px;\">About ShareFOREST<\/span><\/h3>\n<div style=\"margin: 0px 0px 60px; text-align: center;\"><span style=\"font-size: 17px; color: #000000;\">ShareForest project - Sharing decisions in forests: participatory methodology for public and stakeholder engagement in the protection and valorisation of forests in Portugal (PCIF\/GRF\/0050\/2019), assumes as its mission to develop an agenda for public discussion about forest and rural fires in Portugal. We count on you!<\/span><\/div>\n\n\t\t<\/div>\n\t<\/div>\n<\/div><\/div><\/div><div class=\"wpb_column vc_column_container vc_col-sm-4\"><div class=\"vc_column-inner\"><div class=\"wpb_wrapper\"><div class=\"widget widget_latest_posts\"><h3 class=\"widgettitle\">NEWS<\/h3>\t\t\t<div class=\"latest_posts\">\n\t\t\t<ul class=\"small-thumb\">\n\t\t\t\t\t\t\t\t\t<li>\n\t\t\t\t\t\t<div class=\"small-custom-frame-wrapper alignleft\"><div class=\"custom-frame-inner-wrapper\"><div class=\"custom-frame-padding\"><a href=\"https:\/\/shareforest.pt\/en\/2024\/12\/17\/incendios-nas-matas-litorais-falta-de-limpeza-e-de-recursos-preocupam-populacoes-e-agentes\/\" title=\"Inc\u00eandios nas matas litorais: falta de limpeza e de recursos preocupam popula\u00e7\u00f5es e agentes\"><img loading=\"lazy\" decoding=\"async\" src=\"https:\/\/shareforest.pt\/wp-content\/uploads\/2024\/12\/noticia-15-60x60_c.jpg\" width=\"60\" height=\"60\" alt=\"Inc\u00eandios nas matas litorais: falta de limpeza e de recursos preocupam popula\u00e7\u00f5es e agentes\" \/><\/a><\/div><\/div><\/div>\t\t\t\t\t\t<a class=\"teaser-title\" title=\"Inc\u00eandios nas matas litorais: falta de limpeza e de recursos preocupam popula\u00e7\u00f5es e agentes\" href=\"https:\/\/shareforest.pt\/en\/2024\/12\/17\/incendios-nas-matas-litorais-falta-de-limpeza-e-de-recursos-preocupam-populacoes-e-agentes\/\">Inc\u00eandios nas matas litorais: falta de limpeza e de recursos preocupam popula\u00e7\u00f5es e agentes<\/a>\n\t\t\t\t\t\t\t\t\t\t\t\t<div class=\"teaser-content\">\n\t\t\t\t\t\t...\t\t\t\t\t\t<\/div>\n\t\t\t\t\t\t\t\t\t\t\t\t<div class=\"clear\"><\/div>\n\t\t\t\t\t<\/li>\n\t\t\t\t\t\t\t\t\t\t<li>\n\t\t\t\t\t\t<div class=\"small-custom-frame-wrapper alignleft\"><div class=\"custom-frame-inner-wrapper\"><div class=\"custom-frame-padding\"><a href=\"https:\/\/shareforest.pt\/en\/2024\/12\/17\/investigacao-revela-falta-de-limpeza-e-negligencia-em-matas-litorais\/\" title=\"Investiga\u00e7\u00e3o revela falta de limpeza e neglig\u00eancia em matas litorais\"><img loading=\"lazy\" decoding=\"async\" src=\"https:\/\/shareforest.pt\/wp-content\/uploads\/2024\/12\/Noticia-14-60x60_c.jpg\" width=\"60\" height=\"60\" alt=\"Investiga\u00e7\u00e3o revela falta de limpeza e neglig\u00eancia em matas litorais\" \/><\/a><\/div><\/div><\/div>\t\t\t\t\t\t<a class=\"teaser-title\" title=\"Investiga\u00e7\u00e3o revela falta de limpeza e neglig\u00eancia em matas litorais\" href=\"https:\/\/shareforest.pt\/en\/2024\/12\/17\/investigacao-revela-falta-de-limpeza-e-negligencia-em-matas-litorais\/\">Investiga\u00e7\u00e3o revela falta de limpeza e neglig\u00eancia em matas litorais<\/a>\n\t\t\t\t\t\t\t\t\t\t\t\t<div class=\"teaser-content\">\n\t\t\t\t\t\t...\t\t\t\t\t\t<\/div>\n\t\t\t\t\t\t\t\t\t\t\t\t<div class=\"clear\"><\/div>\n\t\t\t\t\t<\/li>\n\t\t\t\t\t\t\t\t<\/ul>\n\t\t\t<\/div><!-- end widget_recent_posts -->\n\t\t\t<\/div><\/div><\/div><\/div><\/div><div class=\"vc_row-full-width vc_clearfix\"><\/div><div data-vc-full-width=\"true\" data-vc-full-width-init=\"false\" data-vc-stretch-content=\"true\" class=\"vc_row wpb_row vc_row-fluid vc_row-no-padding\"><div class=\"wpb_column vc_column_container vc_col-sm-12\"><div class=\"vc_column-inner\"><div class=\"wpb_wrapper\"><div class=\"vc_separator wpb_content_element vc_separator_align_center vc_sep_width_100 vc_sep_pos_align_center vc_separator_no_text vc_sep_color_grey\" ><span class=\"vc_sep_holder vc_sep_holder_l\"><span  class=\"vc_sep_line\"><\/span><\/span><span class=\"vc_sep_holder vc_sep_holder_r\"><span  class=\"vc_sep_line\"><\/span><\/span>\n<\/div><\/div><\/div><\/div><\/div><div class=\"vc_row-full-width vc_clearfix\"><\/div><div data-vc-full-width=\"true\" data-vc-full-width-init=\"false\" data-vc-stretch-content=\"true\" class=\"vc_row wpb_row vc_row-fluid vc_row-no-padding\"><div class=\"wpb_column vc_column_container vc_col-sm-4\"><div class=\"vc_column-inner\"><div class=\"wpb_wrapper\">\n\t<div  class=\"wpb_single_image wpb_content_element vc_align_center\">\n\t\t\n\t\t<figure class=\"wpb_wrapper vc_figure\">\n\t\t\t<div class=\"vc_single_image-wrapper   vc_box_border_grey\"><img loading=\"lazy\" decoding=\"async\" class=\"vc_single_image-img\" src=\"https:\/\/shareforest.pt\/wp-content\/uploads\/2021\/05\/Logo_UA2.png\" width=\"400\" height=\"94\" alt=\"Logo_UA2\" title=\"Logo_UA2\" \/><\/div>\n\t\t<\/figure>\n\t<\/div>\n<\/div><\/div><\/div><div class=\"wpb_column vc_column_container vc_col-sm-4\"><div class=\"vc_column-inner\"><div class=\"wpb_wrapper\">\n\t<div  class=\"wpb_single_image wpb_content_element vc_align_left\">\n\t\t\n\t\t<figure class=\"wpb_wrapper vc_figure\">\n\t\t\t<div class=\"vc_single_image-wrapper   vc_box_border_grey\"><img loading=\"lazy\" decoding=\"async\" class=\"vc_single_image-img\" src=\"https:\/\/shareforest.pt\/wp-content\/uploads\/2021\/05\/logo_politecnico.png\" width=\"300\" height=\"94\" alt=\"logo_politecnico\" title=\"logo_politecnico\" \/><\/div>\n\t\t<\/figure>\n\t<\/div>\n<\/div><\/div><\/div><div class=\"wpb_column vc_column_container vc_col-sm-4\"><div class=\"vc_column-inner\"><div class=\"wpb_wrapper\">\n\t<div  class=\"wpb_single_image wpb_content_element vc_align_left\">\n\t\t\n\t\t<figure class=\"wpb_wrapper vc_figure\">\n\t\t\t<div class=\"vc_single_image-wrapper   vc_box_border_grey\"><img loading=\"lazy\" decoding=\"async\" class=\"vc_single_image-img\" src=\"https:\/\/shareforest.pt\/wp-content\/uploads\/2021\/05\/logo_oikos1.png\" width=\"300\" height=\"83\" alt=\"logo_oikos1\" title=\"logo_oikos1\" \/><\/div>\n\t\t<\/figure>\n\t<\/div>\n<\/div><\/div><\/div><\/div><div class=\"vc_row-full-width vc_clearfix\"><\/div><div data-vc-full-width=\"true\" data-vc-full-width-init=\"false\" data-vc-stretch-content=\"true\" class=\"vc_row wpb_row vc_row-fluid vc_row-no-padding\"><div class=\"wpb_column vc_column_container vc_col-sm-6\"><div class=\"vc_column-inner\"><div class=\"wpb_wrapper\">\n\t<div  class=\"wpb_single_image wpb_content_element vc_align_center\">\n\t\t\n\t\t<figure class=\"wpb_wrapper vc_figure\">\n\t\t\t<div class=\"vc_single_image-wrapper   vc_box_border_grey\"><img loading=\"lazy\" decoding=\"async\" class=\"vc_single_image-img\" src=\"https:\/\/shareforest.pt\/wp-content\/uploads\/2021\/05\/Logo_FCT_H-1-400x94.jpg\" width=\"400\" height=\"94\" alt=\"Logo_FCT_H\" title=\"Logo_FCT_H\" \/><\/div>\n\t\t<\/figure>\n\t<\/div>\n<\/div><\/div><\/div><div class=\"wpb_column vc_column_container vc_col-sm-6\"><div class=\"vc_column-inner\"><div class=\"wpb_wrapper\">\n\t<div  class=\"wpb_single_image wpb_content_element vc_align_left\">\n\t\t\n\t\t<figure class=\"wpb_wrapper vc_figure\">\n\t\t\t<div class=\"vc_single_image-wrapper   vc_box_border_grey\"><img loading=\"lazy\" decoding=\"async\" class=\"vc_single_image-img\" src=\"https:\/\/shareforest.pt\/wp-content\/uploads\/2021\/05\/Logo_RP-1-300x83.png\" width=\"300\" height=\"83\" alt=\"Logo_RP\" title=\"Logo_RP\" \/><\/div>\n\t\t<\/figure>\n\t<\/div>\n<\/div><\/div><\/div><\/div><div class=\"vc_row-full-width vc_clearfix\"><\/div><div data-vc-full-width=\"true\" data-vc-full-width-init=\"false\" data-vc-stretch-content=\"true\" class=\"vc_row wpb_row vc_row-fluid vc_custom_1624527063562 vc_row-has-fill vc_row-no-padding vc_row-o-equal-height vc_row-o-content-top vc_row-flex\"><div class=\"wpb_column vc_column_container vc_col-sm-12\"><div class=\"vc_column-inner\"><div class=\"wpb_wrapper\">\n\t<div  class=\"wpb_single_image wpb_content_element vc_align_center  vc_custom_1624451825379\">\n\t\t\n\t\t<figure class=\"wpb_wrapper vc_figure\">\n\t\t\t<div class=\"vc_single_image-wrapper   vc_box_border_grey\"><img loading=\"lazy\" decoding=\"async\" width=\"150\" height=\"111\" src=\"https:\/\/shareforest.pt\/wp-content\/uploads\/2021\/06\/logo150x111.png\" class=\"vc_single_image-img attachment-thumbnail\" alt=\"\" srcset=\"https:\/\/shareforest.pt\/wp-content\/uploads\/2021\/06\/logo150x111.png 150w, https:\/\/shareforest.pt\/wp-content\/uploads\/2021\/06\/logo150x111-16x12.png 16w\" sizes=\"auto, (max-width: 150px) 100vw, 150px\" \/><\/div>\n\t\t<\/figure>\n\t<\/div>\n\t\t<div style=\"text-align: center;\">\r\n\t\t\t<div id=\"mega_social_icons\" style=\"display: inline-flex;\">\r\n\t\t\t\t\t\t\t\t\t<div id=\"mega-social-btn\" style=\"margin: 0 10px\">\r\n\t\t\t\t<a href=\"https:\/\/www.facebook.com\/ShareForest.project\/\" target=\"\" title=\"\" style=\"font-size: 30px;border-radius:;color: #ffffff;background:;width: 40px;height: 40px;line-height: 40px\" data-onhovercolor=\"\" data-onhoverbg=\"\" data-onleavebg=\"\" data-onleavecolor=\"#ffffff\">\r\n\t\t\t\t\t<i class=\"fab fa-facebook-square\" aria-hidden=\"true\"><\/i>\r\n\t\t\t\t<\/a>\r\n\t\t\t<\/div>\r\n\t\t\n\t\t\t<\/div>\r\n\t\t<\/div>\r\n\r\n\t\t<\/div><\/div><\/div><\/div><div class=\"vc_row-full-width vc_clearfix\"><\/div>","protected":false},"excerpt":{"rendered":"","protected":false},"author":1,"featured_media":0,"parent":0,"menu_order":0,"comment_status":"closed","ping_status":"closed","template":"","meta":{"iawp_total_views":1312,"footnotes":""},"class_list":["post-1405","page","type-page","status-publish","hentry"],"_links":{"self":[{"href":"https:\/\/shareforest.pt\/en\/wp-json\/wp\/v2\/pages\/1405","targetHints":{"allow":["GET"]}}],"collection":[{"href":"https:\/\/shareforest.pt\/en\/wp-json\/wp\/v2\/pages"}],"about":[{"href":"https:\/\/shareforest.pt\/en\/wp-json\/wp\/v2\/types\/page"}],"author":[{"embeddable":true,"href":"https:\/\/shareforest.pt\/en\/wp-json\/wp\/v2\/users\/1"}],"replies":[{"embeddable":true,"href":"https:\/\/shareforest.pt\/en\/wp-json\/wp\/v2\/comments?post=1405"}],"version-history":[{"count":172,"href":"https:\/\/shareforest.pt\/en\/wp-json\/wp\/v2\/pages\/1405\/revisions"}],"predecessor-version":[{"id":2231,"href":"https:\/\/shareforest.pt\/en\/wp-json\/wp\/v2\/pages\/1405\/revisions\/2231"}],"wp:attachment":[{"href":"https:\/\/shareforest.pt\/en\/wp-json\/wp\/v2\/media?parent=1405"}],"curies":[{"name":"wp","href":"https:\/\/api.w.org\/{rel}","templated":true}]}}