{"id":1632,"date":"2021-06-07T21:25:01","date_gmt":"2021-06-07T21:25:01","guid":{"rendered":"https:\/\/shareforest.pt\/?page_id=1632"},"modified":"2022-03-26T19:40:08","modified_gmt":"2022-03-26T19:40:08","slug":"parceiros","status":"publish","type":"page","link":"https:\/\/shareforest.pt\/en\/parceiros\/","title":{"rendered":"Stakeholders"},"content":{"rendered":"<div class=\"vc_row wpb_row vc_row-fluid\"><div class=\"wpb_column vc_column_container vc_col-sm-12\"><div class=\"vc_column-inner\"><div class=\"wpb_wrapper\"><\/div><\/div><\/div><\/div><div class=\"vc_row wpb_row vc_row-fluid\"><div class=\"wpb_column vc_column_container vc_col-sm-6\"><div class=\"vc_column-inner\"><div class=\"wpb_wrapper\">\n\t<div class=\"wpb_text_column wpb_content_element\" >\n\t\t<div class=\"wpb_wrapper\">\n\t\t\t<div class=\"image\">\n<p><img loading=\"lazy\" decoding=\"async\" class=\"aligncenter wp-image-1593 size-full\" src=\"https:\/\/shareforest.pt\/wp-content\/uploads\/2021\/05\/equipa_top.png\" alt=\"\" width=\"2200\" height=\"550\" srcset=\"https:\/\/shareforest.pt\/wp-content\/uploads\/2021\/05\/equipa_top.png 2200w, https:\/\/shareforest.pt\/wp-content\/uploads\/2021\/05\/equipa_top-300x75.png 300w, https:\/\/shareforest.pt\/wp-content\/uploads\/2021\/05\/equipa_top-1024x256.png 1024w, https:\/\/shareforest.pt\/wp-content\/uploads\/2021\/05\/equipa_top-768x192.png 768w, https:\/\/shareforest.pt\/wp-content\/uploads\/2021\/05\/equipa_top-1536x384.png 1536w, https:\/\/shareforest.pt\/wp-content\/uploads\/2021\/05\/equipa_top-2048x512.png 2048w\" sizes=\"auto, (max-width: 2200px) 100vw, 2200px\" \/><\/p>\n<h1 style=\"text-align: center;\">ADVISORY BOARD<\/h1>\n<\/div>\n\n\t\t<\/div>\n\t<\/div>\n\n\t<div class=\"wpb_text_column wpb_content_element\" >\n\t\t<div class=\"wpb_wrapper\">\n\t\t\t<p><strong>ENTITIES:<\/strong><\/p>\n<ul>\n<li><a href=\"https:\/\/www.icnf.pt\/\"><strong>Instituto da Conserva\u00e7\u00e3o da Natureza e das Florestas<\/strong><\/a> | Eng.\u00ba Rui Rosmaninho<\/li>\n<li><a href=\"https:\/\/www.agif.pt\/pt\"><strong>Ag\u00eancia para a Gest\u00e3o Integrada dos Fogos Rurais<\/strong><\/a> | Doutor Tiago Oliveira<\/li>\n<li><a href=\"https:\/\/www.centropinus.org\/\"><strong>Centro Pinus &#8211; Associa\u00e7\u00e3o para a Valoriza\u00e7\u00e3o da Floresta de Pinho<\/strong><\/a> | Eng.\u00aa Susana Carneiro<\/li>\n<\/ul>\n<p><strong>EXPERTS:<\/strong><\/p>\n<ul>\n<li><strong>Alexandra Arag\u00e3o<\/strong> | University of Coimbra | <a href=\"https:\/\/www.uc.pt\/fduc\/ij\/investigadores\/alexandraaragao\">CV<\/a><\/li>\n<li><strong>Concei\u00e7\u00e3o Cola\u00e7o<\/strong> | ISA, University of Lisbon | <a href=\"http:\/\/www.isa.ulisboa.pt\/ceabn\/membro\/1\/54\/conceicao-colaco\">CV<\/a><\/li>\n<li><strong>Fernando Oliveira Baptista<\/strong> | ISA, University of Lisbon | <a href=\"http:\/\/ISA| http:\/\/www.isa.ulisboa.pt\/id\/fobaptista\">CV<\/a><\/li>\n<li><strong>Jan Jacob Keizer<\/strong> | University of Aveiro | <a href=\"http:\/\/www.cesam.ua.pt\/index.php?tabela=pessoaldetail&amp;menu=82&amp;user=62\">CV<\/a><\/li>\n<li><strong>Joaquim Sande Silva<\/strong> | Polytechnic Institute of \nCoimbra | <a href=\"http:\/\/www.isa.ulisboa.pt\/ceabn\/membro\/2\/36\/joaquim-sande-silva\">CV<\/a><\/li>\n<li><strong>Rui Cortes <\/strong>| University of Tr\u00e1s-os-Montes and Alto Douro | <a href=\"https:\/\/www.citab.utad.pt\/researcher\/rui-manuel-vitor-cortes\">CV<\/a><\/li>\n<\/ul>\n<p>.<\/p>\n\n\t\t<\/div>\n\t<\/div>\n<\/div><\/div><\/div><div class=\"wpb_column vc_column_container vc_col-sm-6\"><div class=\"vc_column-inner\"><div class=\"wpb_wrapper\">\n\t<div class=\"wpb_text_column wpb_content_element\" >\n\t\t<div class=\"wpb_wrapper\">\n\t\t\t<div class=\"image\">\n<p><img loading=\"lazy\" decoding=\"async\" class=\"aligncenter wp-image-1593 size-full\" src=\"https:\/\/shareforest.pt\/wp-content\/uploads\/2021\/05\/equipa_top.png\" alt=\"\" width=\"2200\" height=\"550\" srcset=\"https:\/\/shareforest.pt\/wp-content\/uploads\/2021\/05\/equipa_top.png 2200w, https:\/\/shareforest.pt\/wp-content\/uploads\/2021\/05\/equipa_top-300x75.png 300w, https:\/\/shareforest.pt\/wp-content\/uploads\/2021\/05\/equipa_top-1024x256.png 1024w, https:\/\/shareforest.pt\/wp-content\/uploads\/2021\/05\/equipa_top-768x192.png 768w, https:\/\/shareforest.pt\/wp-content\/uploads\/2021\/05\/equipa_top-1536x384.png 1536w, https:\/\/shareforest.pt\/wp-content\/uploads\/2021\/05\/equipa_top-2048x512.png 2048w\" sizes=\"auto, (max-width: 2200px) 100vw, 2200px\" \/><\/p>\n<h1 style=\"text-align: center;\">OTHER PARTNERS<\/h1>\n<\/div>\n\n\t\t<\/div>\n\t<\/div>\n<\/div><\/div><\/div><\/div><div data-vc-full-width=\"true\" data-vc-full-width-init=\"false\" data-vc-stretch-content=\"true\" class=\"vc_row wpb_row vc_row-fluid vc_custom_1624611038862 vc_row-has-fill vc_row-no-padding vc_row-o-equal-height vc_row-flex\"><div class=\"wpb_column vc_column_container vc_col-sm-1\/5\"><div class=\"vc_column-inner\"><div class=\"wpb_wrapper\">\n\t<div  class=\"wpb_single_image wpb_content_element vc_align_left  vc_custom_1624611067820\">\n\t\t\n\t\t<figure class=\"wpb_wrapper vc_figure\">\n\t\t\t<div class=\"vc_single_image-wrapper   vc_box_border_grey\"><img loading=\"lazy\" decoding=\"async\" class=\"vc_single_image-img\" src=\"https:\/\/shareforest.pt\/wp-content\/uploads\/2021\/06\/logos_2.png\" width=\"400\" height=\"192\" alt=\"logos_2\" title=\"logos_2\" \/><\/div>\n\t\t<\/figure>\n\t<\/div>\n<\/div><\/div><\/div><div class=\"wpb_column vc_column_container vc_col-sm-1\/5\"><div class=\"vc_column-inner\"><div class=\"wpb_wrapper\"><\/div><\/div><\/div><div class=\"wpb_column vc_column_container vc_col-sm-1\/5\"><div class=\"vc_column-inner\"><div class=\"wpb_wrapper\">\n\t<div  class=\"wpb_single_image wpb_content_element vc_align_left  vc_custom_1624611082348\">\n\t\t\n\t\t<figure class=\"wpb_wrapper vc_figure\">\n\t\t\t<div class=\"vc_single_image-wrapper   vc_box_border_grey\"><img loading=\"lazy\" decoding=\"async\" width=\"150\" height=\"111\" src=\"https:\/\/shareforest.pt\/wp-content\/uploads\/2021\/06\/logo150x111.png\" class=\"vc_single_image-img attachment-thumbnail\" alt=\"\" srcset=\"https:\/\/shareforest.pt\/wp-content\/uploads\/2021\/06\/logo150x111.png 150w, https:\/\/shareforest.pt\/wp-content\/uploads\/2021\/06\/logo150x111-16x12.png 16w\" sizes=\"auto, (max-width: 150px) 100vw, 150px\" \/><\/div>\n\t\t<\/figure>\n\t<\/div>\n<\/div><\/div><\/div><div class=\"wpb_column vc_column_container vc_col-sm-1\/5\"><div class=\"vc_column-inner\"><div class=\"wpb_wrapper\"><\/div><\/div><\/div><div class=\"wpb_column vc_column_container vc_col-sm-1\/5\"><div class=\"vc_column-inner\"><div class=\"wpb_wrapper\">\t\t<div style=\"text-align: left;\">\r\n\t\t\t<div id=\"mega_social_icons\" style=\"display: inline-flex;\">\r\n\t\t\t\t\t\t\t\t\t<div id=\"mega-social-btn\" style=\"margin: 0 10px\">\r\n\t\t\t\t<a href=\"https:\/\/www.facebook.com\/ShareForest.project\/\" target=\"\" title=\"\" style=\"font-size: 40px;border-radius:;color: #ffffff;background:;width: 40px;height: 40px;line-height: 40px\" data-onhovercolor=\"\" data-onhoverbg=\"\" data-onleavebg=\"\" data-onleavecolor=\"#ffffff\">\r\n\t\t\t\t\t<i class=\"fab fa-facebook-square\" aria-hidden=\"true\"><\/i>\r\n\t\t\t\t<\/a>\r\n\t\t\t<\/div>\r\n\t\t\n\t\t\t<\/div>\r\n\t\t<\/div>\r\n\r\n\t\t<\/div><\/div><\/div><\/div><div class=\"vc_row-full-width vc_clearfix\"><\/div>","protected":false},"excerpt":{"rendered":"","protected":false},"author":1,"featured_media":0,"parent":0,"menu_order":0,"comment_status":"closed","ping_status":"open","template":"page-FullWidth.php","meta":{"iawp_total_views":119,"footnotes":""},"class_list":["post-1632","page","type-page","status-publish","hentry"],"_links":{"self":[{"href":"https:\/\/shareforest.pt\/en\/wp-json\/wp\/v2\/pages\/1632","targetHints":{"allow":["GET"]}}],"collection":[{"href":"https:\/\/shareforest.pt\/en\/wp-json\/wp\/v2\/pages"}],"about":[{"href":"https:\/\/shareforest.pt\/en\/wp-json\/wp\/v2\/types\/page"}],"author":[{"embeddable":true,"href":"https:\/\/shareforest.pt\/en\/wp-json\/wp\/v2\/users\/1"}],"replies":[{"embeddable":true,"href":"https:\/\/shareforest.pt\/en\/wp-json\/wp\/v2\/comments?post=1632"}],"version-history":[{"count":28,"href":"https:\/\/shareforest.pt\/en\/wp-json\/wp\/v2\/pages\/1632\/revisions"}],"predecessor-version":[{"id":2447,"href":"https:\/\/shareforest.pt\/en\/wp-json\/wp\/v2\/pages\/1632\/revisions\/2447"}],"wp:attachment":[{"href":"https:\/\/shareforest.pt\/en\/wp-json\/wp\/v2\/media?parent=1632"}],"curies":[{"name":"wp","href":"https:\/\/api.w.org\/{rel}","templated":true}]}}