{"id":1692,"date":"2021-06-08T13:09:33","date_gmt":"2021-06-08T13:09:33","guid":{"rendered":"https:\/\/shareforest.pt\/?page_id=1692"},"modified":"2021-12-01T12:00:04","modified_gmt":"2021-12-01T12:00:04","slug":"publicacoes","status":"publish","type":"page","link":"https:\/\/shareforest.pt\/en\/publicacoes\/","title":{"rendered":"Outputs"},"content":{"rendered":"<div class=\"vc_row wpb_row vc_row-fluid\"><div class=\"wpb_column vc_column_container vc_col-sm-12\"><div class=\"vc_column-inner\"><div class=\"wpb_wrapper\">\n\t<div class=\"wpb_text_column wpb_content_element\" >\n\t\t<div class=\"wpb_wrapper\">\n\t\t\t<h3 style=\"text-align: center;\"><\/h3>\n\n\t\t<\/div>\n\t<\/div>\n<\/div><\/div><\/div><\/div><div class=\"vc_row wpb_row vc_row-fluid\"><div class=\"wpb_column vc_column_container vc_col-sm-4\"><div class=\"vc_column-inner\"><div class=\"wpb_wrapper\"><div class=\"vc_btn3-container vc_btn3-center\" ><a class=\"vc_general vc_btn3 vc_btn3-size-lg vc_btn3-shape-square vc_btn3-style-flat vc_btn3-color-green\" href=\"https:\/\/shareforest.pt\/en\/publcient\/\" title=\"Publica\u00e7\u00f5es Cient\u00edficas\">SCIENTIFIC OUTPUTS<\/a><\/div><\/div><\/div><\/div><div class=\"wpb_column vc_column_container vc_col-sm-4\"><div class=\"vc_column-inner\"><div class=\"wpb_wrapper\"><div class=\"vc_btn3-container vc_btn3-center\" ><a class=\"vc_general vc_btn3 vc_btn3-size-lg vc_btn3-shape-square vc_btn3-style-flat vc_btn3-color-green\" href=\"https:\/\/shareforest.pt\/en\/comunicacoes-orais\/\" title=\"Comunica\u00e7\u00f5es Orais\">ORAL COMMUNICATION<\/a><\/div><\/div><\/div><\/div><div class=\"wpb_column vc_column_container vc_col-sm-4\"><div class=\"vc_column-inner\"><div class=\"wpb_wrapper\"><div class=\"vc_btn3-container vc_btn3-center\" ><a class=\"vc_general vc_btn3 vc_btn3-size-lg vc_btn3-shape-square vc_btn3-style-flat vc_btn3-color-green\" href=\"https:\/\/shareforest.pt\/en\/outras-publicacoes\/\" title=\"Outras Publica\u00e7\u00f5es\">OTHER OUTPUTS<\/a><\/div><\/div><\/div><\/div><\/div><div data-vc-full-width=\"true\" data-vc-full-width-init=\"false\" data-vc-stretch-content=\"true\" class=\"vc_row wpb_row vc_row-fluid vc_custom_1624611205053 vc_row-has-fill vc_row-no-padding vc_row-o-equal-height vc_row-o-content-middle vc_row-flex\"><div class=\"wpb_column vc_column_container vc_col-sm-1\/5\"><div class=\"vc_column-inner\"><div class=\"wpb_wrapper\">\n\t<div  class=\"wpb_single_image wpb_content_element vc_align_left  vc_custom_1624611170139\">\n\t\t\n\t\t<figure class=\"wpb_wrapper vc_figure\">\n\t\t\t<div class=\"vc_single_image-wrapper   vc_box_border_grey\"><img loading=\"lazy\" decoding=\"async\" class=\"vc_single_image-img\" src=\"https:\/\/shareforest.pt\/wp-content\/uploads\/2021\/06\/logos_2.png\" width=\"400\" height=\"192\" alt=\"logos_2\" title=\"logos_2\" \/><\/div>\n\t\t<\/figure>\n\t<\/div>\n<\/div><\/div><\/div><div class=\"wpb_column vc_column_container vc_col-sm-1\/5\"><div class=\"vc_column-inner\"><div class=\"wpb_wrapper\"><\/div><\/div><\/div><div class=\"wpb_column vc_column_container vc_col-sm-1\/5\"><div class=\"vc_column-inner\"><div class=\"wpb_wrapper\">\n\t<div  class=\"wpb_single_image wpb_content_element vc_align_left  vc_custom_1624611223352\">\n\t\t\n\t\t<figure class=\"wpb_wrapper vc_figure\">\n\t\t\t<div class=\"vc_single_image-wrapper   vc_box_border_grey\"><img loading=\"lazy\" decoding=\"async\" width=\"150\" height=\"111\" src=\"https:\/\/shareforest.pt\/wp-content\/uploads\/2021\/06\/logo150x111.png\" class=\"vc_single_image-img attachment-thumbnail\" alt=\"\" srcset=\"https:\/\/shareforest.pt\/wp-content\/uploads\/2021\/06\/logo150x111.png 150w, https:\/\/shareforest.pt\/wp-content\/uploads\/2021\/06\/logo150x111-16x12.png 16w\" sizes=\"auto, (max-width: 150px) 100vw, 150px\" \/><\/div>\n\t\t<\/figure>\n\t<\/div>\n<\/div><\/div><\/div><div class=\"wpb_column vc_column_container vc_col-sm-1\/5\"><div class=\"vc_column-inner\"><div class=\"wpb_wrapper\"><\/div><\/div><\/div><div class=\"wpb_column vc_column_container vc_col-sm-1\/5\"><div class=\"vc_column-inner\"><div class=\"wpb_wrapper\">\t\t<div style=\"text-align: left;\">\r\n\t\t\t<div id=\"mega_social_icons\" style=\"display: inline-flex;\">\r\n\t\t\t\t\t\t\t\t\t<div id=\"mega-social-btn\" style=\"margin: 0 10px\">\r\n\t\t\t\t<a href=\"https:\/\/www.facebook.com\/ShareForest.project\/\" target=\"\" title=\"\" style=\"font-size: 40px;border-radius:;color: #ffffff;background:;width: 40px;height: 40px;line-height: 40px\" data-onhovercolor=\"\" data-onhoverbg=\"\" data-onleavebg=\"\" data-onleavecolor=\"#ffffff\">\r\n\t\t\t\t\t<i class=\"fab fa-facebook-square\" aria-hidden=\"true\"><\/i>\r\n\t\t\t\t<\/a>\r\n\t\t\t<\/div>\r\n\t\t\n\t\t\t<\/div>\r\n\t\t<\/div>\r\n\r\n\t\t<\/div><\/div><\/div><\/div><div class=\"vc_row-full-width vc_clearfix\"><\/div>","protected":false},"excerpt":{"rendered":"","protected":false},"author":1,"featured_media":0,"parent":0,"menu_order":0,"comment_status":"closed","ping_status":"open","template":"page-FullWidth.php","meta":{"iawp_total_views":583,"footnotes":""},"class_list":["post-1692","page","type-page","status-publish","hentry"],"_links":{"self":[{"href":"https:\/\/shareforest.pt\/en\/wp-json\/wp\/v2\/pages\/1692","targetHints":{"allow":["GET"]}}],"collection":[{"href":"https:\/\/shareforest.pt\/en\/wp-json\/wp\/v2\/pages"}],"about":[{"href":"https:\/\/shareforest.pt\/en\/wp-json\/wp\/v2\/types\/page"}],"author":[{"embeddable":true,"href":"https:\/\/shareforest.pt\/en\/wp-json\/wp\/v2\/users\/1"}],"replies":[{"embeddable":true,"href":"https:\/\/shareforest.pt\/en\/wp-json\/wp\/v2\/comments?post=1692"}],"version-history":[{"count":16,"href":"https:\/\/shareforest.pt\/en\/wp-json\/wp\/v2\/pages\/1692\/revisions"}],"predecessor-version":[{"id":2384,"href":"https:\/\/shareforest.pt\/en\/wp-json\/wp\/v2\/pages\/1692\/revisions\/2384"}],"wp:attachment":[{"href":"https:\/\/shareforest.pt\/en\/wp-json\/wp\/v2\/media?parent=1692"}],"curies":[{"name":"wp","href":"https:\/\/api.w.org\/{rel}","templated":true}]}}