{"id":2382,"date":"2021-12-01T11:58:16","date_gmt":"2021-12-01T11:58:16","guid":{"rendered":"https:\/\/shareforest.pt\/?page_id=2382"},"modified":"2025-06-03T00:03:33","modified_gmt":"2025-06-03T00:03:33","slug":"outras-publicacoes","status":"publish","type":"page","link":"https:\/\/shareforest.pt\/en\/outras-publicacoes\/","title":{"rendered":"Outras Publica\u00e7\u00f5es"},"content":{"rendered":"<div class=\"vc_row wpb_row vc_row-fluid\"><div class=\"wpb_column vc_column_container vc_col-sm-12\"><div class=\"vc_column-inner\"><div class=\"wpb_wrapper\">\n\t<div class=\"wpb_text_column wpb_content_element\" >\n\t\t<div class=\"wpb_wrapper\">\n\t\t\t<h3 style=\"text-align: center;\"><em>OTHER OUTPUTS<\/em><\/h3>\n\n\t\t<\/div>\n\t<\/div>\n<\/div><\/div><\/div><\/div><div class=\"vc_row wpb_row vc_row-fluid vc_custom_1637763586203 vc_row-o-content-top vc_row-flex\"><div class=\"wpb_column vc_column_container vc_col-sm-6\"><div class=\"vc_column-inner\"><div class=\"wpb_wrapper\">\n\t<div  class=\"wpb_single_image wpb_content_element vc_align_right\">\n\t\t\n\t\t<figure class=\"wpb_wrapper vc_figure\">\n\t\t\t<a href=\"https:\/\/florestas.pt\/comentarios\/gestao-florestal-colaborativa-participacao-publica-integra-e-legitima\/\" target=\"_blank\" class=\"vc_single_image-wrapper   vc_box_border_grey\"><img loading=\"lazy\" decoding=\"async\" width=\"237\" height=\"213\" src=\"https:\/\/shareforest.pt\/wp-content\/uploads\/2025\/06\/Florestas-revista.jpg\" class=\"vc_single_image-img attachment-full\" alt=\"\" srcset=\"https:\/\/shareforest.pt\/wp-content\/uploads\/2025\/06\/Florestas-revista.jpg 237w, https:\/\/shareforest.pt\/wp-content\/uploads\/2025\/06\/Florestas-revista-13x12.jpg 13w\" sizes=\"auto, (max-width: 237px) 100vw, 237px\" \/><\/a>\n\t\t<\/figure>\n\t<\/div>\n<\/div><\/div><\/div><div class=\"wpb_column vc_column_container vc_col-sm-6\"><div class=\"vc_column-inner\"><div class=\"wpb_wrapper\">\n\t<div class=\"wpb_text_column wpb_content_element\" >\n\t\t<div class=\"wpb_wrapper\">\n\t\t\t<p>Gest\u00e3o florestal colaborativa: participa\u00e7\u00e3o p\u00fablica integra e legitima Uma reflex\u00e3o de Eduarda Fernandes, Co-IR do projeto ShareFOREST para o site https:\/\/florestas.pt\/<\/p>\n<p>A ler em:<br \/>\n<a href=\"https:\/\/florestas.pt\/comentarios\/gestao-florestal-colaborativa-participacao-publica-integra-e-legitima\/\">https:\/\/florestas.pt\/comentarios\/gestao-florestal-colaborativa-participacao-publica-integra-e-legitima\/<\/a><\/p>\n\n\t\t<\/div>\n\t<\/div>\n<\/div><\/div><\/div><\/div><div class=\"vc_row wpb_row vc_row-fluid vc_custom_1637763586203 vc_row-o-content-top vc_row-flex\"><div class=\"wpb_column vc_column_container vc_col-sm-6\"><div class=\"vc_column-inner\"><div class=\"wpb_wrapper\">\n\t<div  class=\"wpb_single_image wpb_content_element vc_align_right\">\n\t\t\n\t\t<figure class=\"wpb_wrapper vc_figure\">\n\t\t\t<div class=\"vc_single_image-wrapper   vc_box_border_grey\"><img loading=\"lazy\" decoding=\"async\" width=\"639\" height=\"891\" src=\"https:\/\/shareforest.pt\/wp-content\/uploads\/2024\/12\/Capa-Tese-Marciell.png\" class=\"vc_single_image-img attachment-full\" alt=\"\" srcset=\"https:\/\/shareforest.pt\/wp-content\/uploads\/2024\/12\/Capa-Tese-Marciell.png 639w, https:\/\/shareforest.pt\/wp-content\/uploads\/2024\/12\/Capa-Tese-Marciell-215x300.png 215w, https:\/\/shareforest.pt\/wp-content\/uploads\/2024\/12\/Capa-Tese-Marciell-9x12.png 9w\" sizes=\"auto, (max-width: 639px) 100vw, 639px\" \/><\/div>\n\t\t<\/figure>\n\t<\/div>\n<\/div><\/div><\/div><div class=\"wpb_column vc_column_container vc_col-sm-6\"><div class=\"vc_column-inner\"><div class=\"wpb_wrapper\">\n\t<div class=\"wpb_text_column wpb_content_element\" >\n\t\t<div class=\"wpb_wrapper\">\n\t\t\t<p>Marciell Ximenes de Souza, 2024. Metodologias participativas na gest\u00e3o das Matas do Litoral \u2013 o uso do Mapeamento Cognitivo de L\u00f3gica Difusa, Escola Superior de Tecnologia e Gest\u00e3o, Instituto Polit\u00e9cnico de Leiria, Mestrado em Inova\u00e7\u00e3o e Empreendedorismo, 69 pp.<\/p>\n\n\t\t<\/div>\n\t<\/div>\n<\/div><\/div><\/div><\/div><div class=\"vc_row wpb_row vc_row-fluid vc_custom_1637763586203 vc_row-o-content-top vc_row-flex\"><div class=\"wpb_column vc_column_container vc_col-sm-6\"><div class=\"vc_column-inner\"><div class=\"wpb_wrapper\">\n\t<div  class=\"wpb_single_image wpb_content_element vc_align_right\">\n\t\t\n\t\t<figure class=\"wpb_wrapper vc_figure\">\n\t\t\t<a href=\"https:\/\/www.researchgate.net\/publication\/382347549_Folheto_N_3_do_Projeto_ShareFOREST\" target=\"_blank\" class=\"vc_single_image-wrapper   vc_box_border_grey\"><img loading=\"lazy\" decoding=\"async\" width=\"2000\" height=\"1545\" src=\"https:\/\/shareforest.pt\/wp-content\/uploads\/2024\/07\/Folheto-n.o-3-Final-1.jpg\" class=\"vc_single_image-img attachment-full\" alt=\"\" srcset=\"https:\/\/shareforest.pt\/wp-content\/uploads\/2024\/07\/Folheto-n.o-3-Final-1.jpg 2000w, https:\/\/shareforest.pt\/wp-content\/uploads\/2024\/07\/Folheto-n.o-3-Final-1-300x232.jpg 300w, https:\/\/shareforest.pt\/wp-content\/uploads\/2024\/07\/Folheto-n.o-3-Final-1-1024x791.jpg 1024w, https:\/\/shareforest.pt\/wp-content\/uploads\/2024\/07\/Folheto-n.o-3-Final-1-768x593.jpg 768w, https:\/\/shareforest.pt\/wp-content\/uploads\/2024\/07\/Folheto-n.o-3-Final-1-1536x1187.jpg 1536w, https:\/\/shareforest.pt\/wp-content\/uploads\/2024\/07\/Folheto-n.o-3-Final-1-16x12.jpg 16w\" sizes=\"auto, (max-width: 2000px) 100vw, 2000px\" \/><\/a>\n\t\t<\/figure>\n\t<\/div>\n<\/div><\/div><\/div><div class=\"wpb_column vc_column_container vc_col-sm-6\"><div class=\"vc_column-inner\"><div class=\"wpb_wrapper\">\n\t<div class=\"wpb_text_column wpb_content_element\" >\n\t\t<div class=\"wpb_wrapper\">\n\t\t\t<p>ShareFOREST | Folheto Informativo n.\u00ba 3<\/p>\n\n\t\t<\/div>\n\t<\/div>\n<\/div><\/div><\/div><\/div><div class=\"vc_row wpb_row vc_row-fluid vc_custom_1637763586203 vc_row-o-content-top vc_row-flex\"><div class=\"wpb_column vc_column_container vc_col-sm-6\"><div class=\"vc_column-inner\"><div class=\"wpb_wrapper\">\n\t<div  class=\"wpb_single_image wpb_content_element vc_align_right\">\n\t\t\n\t\t<figure class=\"wpb_wrapper vc_figure\">\n\t\t\t<a href=\"https:\/\/www.researchgate.net\/publication\/381313176_NEM_TIDOS_NEM_ACHADOS_A_VISAO_DOS_AGENTES_EM_PRESENCA_NAS_MATAS_DO_LITORAL_SOBRE_A_SUA_GESTAO_E_ORDENAMENTO_E_OS_IMPACTOS_DOS_INCENDIOS\" target=\"_blank\" class=\"vc_single_image-wrapper   vc_box_border_grey\"><img loading=\"lazy\" decoding=\"async\" width=\"600\" height=\"610\" src=\"https:\/\/shareforest.pt\/wp-content\/uploads\/2024\/06\/ENR.png\" class=\"vc_single_image-img attachment-full\" alt=\"\" srcset=\"https:\/\/shareforest.pt\/wp-content\/uploads\/2024\/06\/ENR.png 600w, https:\/\/shareforest.pt\/wp-content\/uploads\/2024\/06\/ENR-295x300.png 295w, https:\/\/shareforest.pt\/wp-content\/uploads\/2024\/06\/ENR-12x12.png 12w\" sizes=\"auto, (max-width: 600px) 100vw, 600px\" \/><\/a>\n\t\t<\/figure>\n\t<\/div>\n<\/div><\/div><\/div><div class=\"wpb_column vc_column_container vc_col-sm-6\"><div class=\"vc_column-inner\"><div class=\"wpb_wrapper\">\n\t<div class=\"wpb_text_column wpb_content_element\" >\n\t\t<div class=\"wpb_wrapper\">\n\t\t\t<p>Ribeiro C., Figueiredo E., Fernandes, E., 2024. <strong>\u201c<em>Nem tidos, nem achados<\/em>: A vis\u00e3o dos agentes em presen\u00e7a nas Matas do Litoral sobre a sua gest\u00e3o e ordenamento e os impactos dos inc\u00eandios\u201d<\/strong>. XVII Encontro Nacional de Riscos, junho 6-7, Coimbra, Portugal<\/p>\n\n\t\t<\/div>\n\t<\/div>\n<\/div><\/div><\/div><\/div><div class=\"vc_row wpb_row vc_row-fluid vc_custom_1637763586203 vc_row-o-content-top vc_row-flex\"><div class=\"wpb_column vc_column_container vc_col-sm-6\"><div class=\"vc_column-inner\"><div class=\"wpb_wrapper\">\n\t<div  class=\"wpb_single_image wpb_content_element vc_align_right\">\n\t\t\n\t\t<figure class=\"wpb_wrapper vc_figure\">\n\t\t\t<a href=\"https:\/\/www.90segundosdeciencia.pt\/episodes\/ep-1645-elisabete-figueiredo\/\" target=\"_blank\" class=\"vc_single_image-wrapper   vc_box_border_grey\"><img loading=\"lazy\" decoding=\"async\" width=\"816\" height=\"559\" src=\"https:\/\/shareforest.pt\/wp-content\/uploads\/2023\/10\/90.png\" class=\"vc_single_image-img attachment-full\" alt=\"\" srcset=\"https:\/\/shareforest.pt\/wp-content\/uploads\/2023\/10\/90.png 816w, https:\/\/shareforest.pt\/wp-content\/uploads\/2023\/10\/90-300x206.png 300w, https:\/\/shareforest.pt\/wp-content\/uploads\/2023\/10\/90-768x526.png 768w, https:\/\/shareforest.pt\/wp-content\/uploads\/2023\/10\/90-18x12.png 18w\" sizes=\"auto, (max-width: 816px) 100vw, 816px\" \/><\/a>\n\t\t<\/figure>\n\t<\/div>\n<\/div><\/div><\/div><div class=\"wpb_column vc_column_container vc_col-sm-6\"><div class=\"vc_column-inner\"><div class=\"wpb_wrapper\">\n\t<div class=\"wpb_text_column wpb_content_element\" >\n\t\t<div class=\"wpb_wrapper\">\n\t\t\t<p>ShareFOREST no programa &#8220;90 segundos de ci\u00eancia&#8221;<\/p>\n\n\t\t<\/div>\n\t<\/div>\n<\/div><\/div><\/div><\/div><div class=\"vc_row wpb_row vc_row-fluid vc_custom_1637763586203 vc_row-o-content-top vc_row-flex\"><div class=\"wpb_column vc_column_container vc_col-sm-6\"><div class=\"vc_column-inner\"><div class=\"wpb_wrapper\">\n\t<div  class=\"wpb_single_image wpb_content_element vc_align_right\">\n\t\t\n\t\t<figure class=\"wpb_wrapper vc_figure\">\n\t\t\t<a href=\"https:\/\/shareforest.pt\/wp-content\/uploads\/2023\/06\/Fernandes-et-al.-2023-8.aIWFC_.pdf\" target=\"_blank\" class=\"vc_single_image-wrapper   vc_box_border_grey\"><img loading=\"lazy\" decoding=\"async\" width=\"181\" height=\"64\" src=\"https:\/\/shareforest.pt\/wp-content\/uploads\/2023\/05\/Conferencia-Incendios-Florestais.png\" class=\"vc_single_image-img attachment-full\" alt=\"\" srcset=\"https:\/\/shareforest.pt\/wp-content\/uploads\/2023\/05\/Conferencia-Incendios-Florestais.png 181w, https:\/\/shareforest.pt\/wp-content\/uploads\/2023\/05\/Conferencia-Incendios-Florestais-18x6.png 18w\" sizes=\"auto, (max-width: 181px) 100vw, 181px\" \/><\/a>\n\t\t<\/figure>\n\t<\/div>\n<\/div><\/div><\/div><div class=\"wpb_column vc_column_container vc_col-sm-6\"><div class=\"vc_column-inner\"><div class=\"wpb_wrapper\">\n\t<div class=\"wpb_text_column wpb_content_element\" >\n\t\t<div class=\"wpb_wrapper\">\n\t\t\t<p>Fernandes C., Valente S., Figueiredo E., Polido A., 2023. <strong>&#8220;Stakeholder and Social network analysis for understanding forest (fires) management \u2013 a contribution based on a Systematic Literature Review&#8221;<\/strong>. 8th International Wildland Fire Conference, May 16-19, Porto, Portugal<\/p>\n\n\t\t<\/div>\n\t<\/div>\n<\/div><\/div><\/div><\/div><div class=\"vc_row wpb_row vc_row-fluid vc_custom_1637763586203 vc_row-o-content-top vc_row-flex\"><div class=\"wpb_column vc_column_container vc_col-sm-6\"><div class=\"vc_column-inner\"><div class=\"wpb_wrapper\">\n\t<div  class=\"wpb_single_image wpb_content_element vc_align_right\">\n\t\t\n\t\t<figure class=\"wpb_wrapper vc_figure\">\n\t\t\t<a href=\"https:\/\/shareforest.pt\/wp-content\/uploads\/2023\/03\/Folheto-N.o-2-digital.pdf\" target=\"_blank\" class=\"vc_single_image-wrapper   vc_box_border_grey\"><img loading=\"lazy\" decoding=\"async\" width=\"700\" height=\"541\" src=\"https:\/\/shareforest.pt\/wp-content\/uploads\/2023\/03\/Frente-Folheto-n.o-2.jpg\" class=\"vc_single_image-img attachment-full\" alt=\"\" srcset=\"https:\/\/shareforest.pt\/wp-content\/uploads\/2023\/03\/Frente-Folheto-n.o-2.jpg 700w, https:\/\/shareforest.pt\/wp-content\/uploads\/2023\/03\/Frente-Folheto-n.o-2-300x232.jpg 300w, https:\/\/shareforest.pt\/wp-content\/uploads\/2023\/03\/Frente-Folheto-n.o-2-16x12.jpg 16w\" sizes=\"auto, (max-width: 700px) 100vw, 700px\" \/><\/a>\n\t\t<\/figure>\n\t<\/div>\n<\/div><\/div><\/div><div class=\"wpb_column vc_column_container vc_col-sm-6\"><div class=\"vc_column-inner\"><div class=\"wpb_wrapper\">\n\t<div class=\"wpb_text_column wpb_content_element\" >\n\t\t<div class=\"wpb_wrapper\">\n\t\t\t<p>ShareFOREST | Folheto Informativo n.\u00ba 2<\/p>\n\n\t\t<\/div>\n\t<\/div>\n<\/div><\/div><\/div><\/div><div class=\"vc_row wpb_row vc_row-fluid vc_custom_1637763586203 vc_row-o-content-top vc_row-flex\"><div class=\"wpb_column vc_column_container vc_col-sm-6\"><div class=\"vc_column-inner\"><div class=\"wpb_wrapper\">\n\t<div  class=\"wpb_single_image wpb_content_element vc_align_right\">\n\t\t\n\t\t<figure class=\"wpb_wrapper vc_figure\">\n\t\t\t<a href=\"https:\/\/shareforest.pt\/wp-content\/uploads\/2022\/11\/Dissertacao_EmaPedrosa-2.pdf\" target=\"_blank\" class=\"vc_single_image-wrapper   vc_box_border_grey\"><img loading=\"lazy\" decoding=\"async\" width=\"394\" height=\"547\" src=\"https:\/\/shareforest.pt\/wp-content\/uploads\/2022\/11\/Tese-Ema-Pereira.png\" class=\"vc_single_image-img attachment-full\" alt=\"\" srcset=\"https:\/\/shareforest.pt\/wp-content\/uploads\/2022\/11\/Tese-Ema-Pereira.png 394w, https:\/\/shareforest.pt\/wp-content\/uploads\/2022\/11\/Tese-Ema-Pereira-216x300.png 216w, https:\/\/shareforest.pt\/wp-content\/uploads\/2022\/11\/Tese-Ema-Pereira-9x12.png 9w\" sizes=\"auto, (max-width: 394px) 100vw, 394px\" \/><\/a>\n\t\t<\/figure>\n\t<\/div>\n<\/div><\/div><\/div><div class=\"wpb_column vc_column_container vc_col-sm-6\"><div class=\"vc_column-inner\"><div class=\"wpb_wrapper\">\n\t<div class=\"wpb_text_column wpb_content_element\" >\n\t\t<div class=\"wpb_wrapper\">\n\t\t\t<p>Ema C.D. Pedrosa, 2022. Estudo explorat\u00f3rio das perce\u00e7\u00f5es de fatores de risco e do potencial envolvimento da popula\u00e7\u00e3o na preven\u00e7\u00e3o de inc\u00eandios rurais. School of Management and Technology, Instituto Polit\u00e9cnico de Leiria. Master in  Management. pp:90.<\/p>\n\n\t\t<\/div>\n\t<\/div>\n<\/div><\/div><\/div><\/div><div class=\"vc_row wpb_row vc_row-fluid vc_custom_1637763586203 vc_row-o-content-top vc_row-flex\"><div class=\"wpb_column vc_column_container vc_col-sm-6\"><div class=\"vc_column-inner\"><div class=\"wpb_wrapper\">\n\t<div  class=\"wpb_single_image wpb_content_element vc_align_right\">\n\t\t\n\t\t<figure class=\"wpb_wrapper vc_figure\">\n\t\t\t<a href=\"https:\/\/ria.ua.pt\/bitstream\/10773\/30873\/1\/Documento_Vanessa_Costa.pdf\" target=\"_blank\" class=\"vc_single_image-wrapper   vc_box_border_grey\"><img loading=\"lazy\" decoding=\"async\" width=\"390\" height=\"551\" src=\"https:\/\/shareforest.pt\/wp-content\/uploads\/2022\/11\/Tese-Vanessa-Costa.png\" class=\"vc_single_image-img attachment-full\" alt=\"\" srcset=\"https:\/\/shareforest.pt\/wp-content\/uploads\/2022\/11\/Tese-Vanessa-Costa.png 390w, https:\/\/shareforest.pt\/wp-content\/uploads\/2022\/11\/Tese-Vanessa-Costa-212x300.png 212w, https:\/\/shareforest.pt\/wp-content\/uploads\/2022\/11\/Tese-Vanessa-Costa-8x12.png 8w\" sizes=\"auto, (max-width: 390px) 100vw, 390px\" \/><\/a>\n\t\t<\/figure>\n\t<\/div>\n<\/div><\/div><\/div><div class=\"wpb_column vc_column_container vc_col-sm-6\"><div class=\"vc_column-inner\"><div class=\"wpb_wrapper\">\n\t<div class=\"wpb_text_column wpb_content_element\" >\n\t\t<div class=\"wpb_wrapper\">\n\t\t\t<p>Vanessa P. A. Costa, 2021. A Vis\u00e3o dos Meios de Comunica\u00e7\u00e3o sobre os inc\u00eandios rurais de 2017: an\u00e1lise comparativa dos jornais Correio da Manh\u00e3 e P\u00fablico. Department of Social, Political and Territorial Sciences, University of Aveiro, Master in Regional and Urban Planning. pp:162.<\/p>\n\n\t\t<\/div>\n\t<\/div>\n<\/div><\/div><\/div><\/div><div class=\"vc_row wpb_row vc_row-fluid vc_custom_1637763586203 vc_row-o-content-top vc_row-flex\"><div class=\"wpb_column vc_column_container vc_col-sm-6\"><div class=\"vc_column-inner\"><div class=\"wpb_wrapper\">\n\t<div  class=\"wpb_single_image wpb_content_element vc_align_right\">\n\t\t\n\t\t<figure class=\"wpb_wrapper vc_figure\">\n\t\t\t<a href=\"https:\/\/shareforest.pt\/wp-content\/uploads\/2021\/10\/Apresentacao_ShareFOREST.pdf\" target=\"_blank\" class=\"vc_single_image-wrapper   vc_box_border_grey\"><img loading=\"lazy\" decoding=\"async\" width=\"2560\" height=\"1978\" src=\"https:\/\/shareforest.pt\/wp-content\/uploads\/2021\/10\/Apresentacao_ShareFOREST_1-scaled.jpg\" class=\"vc_single_image-img attachment-full\" alt=\"\" srcset=\"https:\/\/shareforest.pt\/wp-content\/uploads\/2021\/10\/Apresentacao_ShareFOREST_1-scaled.jpg 2560w, https:\/\/shareforest.pt\/wp-content\/uploads\/2021\/10\/Apresentacao_ShareFOREST_1-300x232.jpg 300w, https:\/\/shareforest.pt\/wp-content\/uploads\/2021\/10\/Apresentacao_ShareFOREST_1-1024x791.jpg 1024w, https:\/\/shareforest.pt\/wp-content\/uploads\/2021\/10\/Apresentacao_ShareFOREST_1-768x593.jpg 768w, https:\/\/shareforest.pt\/wp-content\/uploads\/2021\/10\/Apresentacao_ShareFOREST_1-1536x1187.jpg 1536w, https:\/\/shareforest.pt\/wp-content\/uploads\/2021\/10\/Apresentacao_ShareFOREST_1-2048x1583.jpg 2048w, https:\/\/shareforest.pt\/wp-content\/uploads\/2021\/10\/Apresentacao_ShareFOREST_1-16x12.jpg 16w\" sizes=\"auto, (max-width: 2560px) 100vw, 2560px\" \/><\/a>\n\t\t<\/figure>\n\t<\/div>\n<\/div><\/div><\/div><div class=\"wpb_column vc_column_container vc_col-sm-6\"><div class=\"vc_column-inner\"><div class=\"wpb_wrapper\">\n\t<div class=\"wpb_text_column wpb_content_element\" >\n\t\t<div class=\"wpb_wrapper\">\n\t\t\t<p>ShareFOREST | Folheto Informativo n.\u00ba 1<\/p>\n\n\t\t<\/div>\n\t<\/div>\n<\/div><\/div><\/div><\/div><div class=\"vc_row wpb_row vc_row-fluid vc_custom_1637763586203 vc_row-o-content-top vc_row-flex\"><div class=\"wpb_column vc_column_container vc_col-sm-12\"><div class=\"vc_column-inner\"><div class=\"wpb_wrapper\"><div class=\"vc_separator wpb_content_element vc_separator_align_center vc_sep_width_100 vc_sep_pos_align_center vc_separator_no_text vc_sep_color_grey\" ><span class=\"vc_sep_holder vc_sep_holder_l\"><span  class=\"vc_sep_line\"><\/span><\/span><span class=\"vc_sep_holder vc_sep_holder_r\"><span  class=\"vc_sep_line\"><\/span><\/span>\n<\/div><\/div><\/div><\/div><\/div><div data-vc-full-width=\"true\" data-vc-full-width-init=\"false\" data-vc-stretch-content=\"true\" class=\"vc_row wpb_row vc_row-fluid vc_custom_1624611205053 vc_row-has-fill vc_row-no-padding vc_row-o-equal-height vc_row-o-content-middle vc_row-flex\"><div class=\"wpb_column vc_column_container vc_col-sm-1\/5\"><div class=\"vc_column-inner\"><div class=\"wpb_wrapper\">\n\t<div  class=\"wpb_single_image wpb_content_element vc_align_left  vc_custom_1624611170139\">\n\t\t\n\t\t<figure class=\"wpb_wrapper vc_figure\">\n\t\t\t<div class=\"vc_single_image-wrapper   vc_box_border_grey\"><img loading=\"lazy\" decoding=\"async\" class=\"vc_single_image-img\" src=\"https:\/\/shareforest.pt\/wp-content\/uploads\/2021\/06\/logos_2.png\" width=\"400\" height=\"192\" alt=\"logos_2\" title=\"logos_2\" \/><\/div>\n\t\t<\/figure>\n\t<\/div>\n<\/div><\/div><\/div><div class=\"wpb_column vc_column_container vc_col-sm-1\/5\"><div class=\"vc_column-inner\"><div class=\"wpb_wrapper\"><\/div><\/div><\/div><div class=\"wpb_column vc_column_container vc_col-sm-1\/5\"><div class=\"vc_column-inner\"><div class=\"wpb_wrapper\">\n\t<div  class=\"wpb_single_image wpb_content_element vc_align_left  vc_custom_1624611223352\">\n\t\t\n\t\t<figure class=\"wpb_wrapper vc_figure\">\n\t\t\t<div class=\"vc_single_image-wrapper   vc_box_border_grey\"><img loading=\"lazy\" decoding=\"async\" width=\"150\" height=\"111\" src=\"https:\/\/shareforest.pt\/wp-content\/uploads\/2021\/06\/logo150x111.png\" class=\"vc_single_image-img attachment-thumbnail\" alt=\"\" srcset=\"https:\/\/shareforest.pt\/wp-content\/uploads\/2021\/06\/logo150x111.png 150w, https:\/\/shareforest.pt\/wp-content\/uploads\/2021\/06\/logo150x111-16x12.png 16w\" sizes=\"auto, (max-width: 150px) 100vw, 150px\" \/><\/div>\n\t\t<\/figure>\n\t<\/div>\n<\/div><\/div><\/div><div class=\"wpb_column vc_column_container vc_col-sm-1\/5\"><div class=\"vc_column-inner\"><div class=\"wpb_wrapper\"><\/div><\/div><\/div><div class=\"wpb_column vc_column_container vc_col-sm-1\/5\"><div class=\"vc_column-inner\"><div class=\"wpb_wrapper\">\t\t<div style=\"text-align: left;\">\r\n\t\t\t<div id=\"mega_social_icons\" style=\"display: inline-flex;\">\r\n\t\t\t\t\t\t\t\t\t<div id=\"mega-social-btn\" style=\"margin: 0 10px\">\r\n\t\t\t\t<a href=\"https:\/\/www.facebook.com\/ShareForest.project\/\" target=\"\" title=\"\" style=\"font-size: 40px;border-radius:;color: #ffffff;background:;width: 40px;height: 40px;line-height: 40px\" data-onhovercolor=\"\" data-onhoverbg=\"\" data-onleavebg=\"\" data-onleavecolor=\"#ffffff\">\r\n\t\t\t\t\t<i class=\"fab fa-facebook-square\" aria-hidden=\"true\"><\/i>\r\n\t\t\t\t<\/a>\r\n\t\t\t<\/div>\r\n\t\t\n\t\t\t<\/div>\r\n\t\t<\/div>\r\n\r\n\t\t<\/div><\/div><\/div><\/div><div class=\"vc_row-full-width vc_clearfix\"><\/div>","protected":false},"excerpt":{"rendered":"","protected":false},"author":1,"featured_media":2608,"parent":0,"menu_order":0,"comment_status":"closed","ping_status":"open","template":"page-FullWidth.php","meta":{"iawp_total_views":117,"footnotes":""},"class_list":["post-2382","page","type-page","status-publish","has-post-thumbnail","hentry"],"_links":{"self":[{"href":"https:\/\/shareforest.pt\/en\/wp-json\/wp\/v2\/pages\/2382","targetHints":{"allow":["GET"]}}],"collection":[{"href":"https:\/\/shareforest.pt\/en\/wp-json\/wp\/v2\/pages"}],"about":[{"href":"https:\/\/shareforest.pt\/en\/wp-json\/wp\/v2\/types\/page"}],"author":[{"embeddable":true,"href":"https:\/\/shareforest.pt\/en\/wp-json\/wp\/v2\/users\/1"}],"replies":[{"embeddable":true,"href":"https:\/\/shareforest.pt\/en\/wp-json\/wp\/v2\/comments?post=2382"}],"version-history":[{"count":26,"href":"https:\/\/shareforest.pt\/en\/wp-json\/wp\/v2\/pages\/2382\/revisions"}],"predecessor-version":[{"id":2915,"href":"https:\/\/shareforest.pt\/en\/wp-json\/wp\/v2\/pages\/2382\/revisions\/2915"}],"wp:featuredmedia":[{"embeddable":true,"href":"https:\/\/shareforest.pt\/en\/wp-json\/wp\/v2\/media\/2608"}],"wp:attachment":[{"href":"https:\/\/shareforest.pt\/en\/wp-json\/wp\/v2\/media?parent=2382"}],"curies":[{"name":"wp","href":"https:\/\/api.w.org\/{rel}","templated":true}]}}